{"id":13169,"date":"2024-02-01T13:16:16","date_gmt":"2024-02-01T13:16:16","guid":{"rendered":"https:\/\/kultursanatsen.org.tr\/portal\/?page_id=13169"},"modified":"2024-02-26T09:10:11","modified_gmt":"2024-02-26T09:10:11","slug":"samsun-bolge-temsilciligi","status":"publish","type":"page","link":"https:\/\/kultursanatsen.org.tr\/portal\/samsun-bolge-temsilciligi\/","title":{"rendered":"SAMSUN B\u00d6LGE TEMS\u0130LC\u0130L\u0130\u011e\u0130"},"content":{"rendered":"<table style=\"border-collapse: collapse; width: 999px; height: 76px;\" border=\"1\">\n<tbody>\n<tr>\n<td style=\"width: 25%;\">Sebahat<\/td>\n<td style=\"width: 25%;\">DANI\u015eMAZ<\/td>\n<td style=\"width: 25%;\"><\/td>\n<td style=\"width: 25%;\"><\/td>\n<\/tr>\n<tr>\n<td style=\"width: 25%;\">Vedat<\/td>\n<td style=\"width: 25%;\">KURTULU\u015e DEPE<\/td>\n<td style=\"width: 25%;\"><\/td>\n<td style=\"width: 25%;\"><\/td>\n<\/tr>\n<tr>\n<td style=\"width: 25%;\">Metin<\/td>\n<td style=\"width: 25%;\">P\u0130YALE<\/td>\n<td style=\"width: 25%;\"><\/td>\n<td style=\"width: 25%;\"><\/td>\n<\/tr>\n<\/tbody>\n<\/table>\n","protected":false},"excerpt":{"rendered":"<p>Sebahat DANI\u015eMAZ Vedat KURTULU\u015e DEPE Metin P\u0130YALE<\/p>\n","protected":false},"author":2,"featured_media":0,"parent":0,"menu_order":0,"comment_status":"closed","ping_status":"closed","template":"","meta":[],"_links":{"self":[{"href":"https:\/\/kultursanatsen.org.tr\/portal\/wp-json\/wp\/v2\/pages\/13169"}],"collection":[{"href":"https:\/\/kultursanatsen.org.tr\/portal\/wp-json\/wp\/v2\/pages"}],"about":[{"href":"https:\/\/kultursanatsen.org.tr\/portal\/wp-json\/wp\/v2\/types\/page"}],"author":[{"embeddable":true,"href":"https:\/\/kultursanatsen.org.tr\/portal\/wp-json\/wp\/v2\/users\/2"}],"replies":[{"embeddable":true,"href":"https:\/\/kultursanatsen.org.tr\/portal\/wp-json\/wp\/v2\/comments?post=13169"}],"version-history":[{"count":2,"href":"https:\/\/kultursanatsen.org.tr\/portal\/wp-json\/wp\/v2\/pages\/13169\/revisions"}],"predecessor-version":[{"id":13196,"href":"https:\/\/kultursanatsen.org.tr\/portal\/wp-json\/wp\/v2\/pages\/13169\/revisions\/13196"}],"wp:attachment":[{"href":"https:\/\/kultursanatsen.org.tr\/portal\/wp-json\/wp\/v2\/media?parent=13169"}],"curies":[{"name":"wp","href":"https:\/\/api.w.org\/{rel}","templated":true}]}}