{"id":12871,"date":"2021-03-13T21:50:10","date_gmt":"2021-03-13T21:50:10","guid":{"rendered":"https:\/\/kultursanatsen.org.tr\/portal\/?page_id=12871"},"modified":"2023-11-30T09:40:40","modified_gmt":"2023-11-30T09:40:40","slug":"mersin-bolge-sube","status":"publish","type":"page","link":"https:\/\/kultursanatsen.org.tr\/portal\/mersin-bolge-sube\/","title":{"rendered":"MERS\u0130N B\u00d6LGE \u015eUBE"},"content":{"rendered":"<div>Bah\u00e7e Mah. 4602 Sok. Hamle Apt. Kat:3 No:13 Akdeniz \/ Mersin<\/div>\n<div><strong>Telefon:<\/strong><\/div>\n<div>0 324 237 72 15<\/div>\n<h3>G\u00d6REV DA\u011eILIMI<\/h3>\n<table border=\"0\" cellpadding=\"0\">\n<tbody>\n<tr>\n<td>Mehmet BUDAK<\/td>\n<td width=\"33%\">\u015eube Ba\u015fkan\u0131<\/td>\n<td width=\"16%\">\u00a00537 200 96 16<\/td>\n<td width=\"16%\"><span id=\"cloak23524\"><a href=\"mailto:Mehmetbudak4444@hotmail.com\">budak5813@hotmail.com<\/a><\/span><\/td>\n<\/tr>\n<tr>\n<td>Osman KAYGISIZ<\/td>\n<td width=\"33%\">\u0130dari Sekreter<\/td>\n<td width=\"16%\">\u00a005054432786<\/td>\n<td width=\"16%\">osmankaygisiz@hotmail.com<\/td>\n<\/tr>\n<tr>\n<td>Ahmet CAN\u0130KL\u0130<\/td>\n<td width=\"33%\">Mali Sekreter<\/td>\n<td width=\"16%\">\u00a00536 942 80 29<\/td>\n<td width=\"16%\">ahmet.canikli_05@hotmail.com<\/td>\n<\/tr>\n<tr>\n<td>Harun YILDIZ<\/td>\n<td width=\"33%\">\u00d6rg\u00fctlenme Sekreteri<\/td>\n<td width=\"16%\">0544 498 62 84<\/td>\n<td width=\"16%\">muzeharun@hotmail.com<\/td>\n<\/tr>\n<tr>\n<td>Umut Sinan \u00d6ZDEM\u0130R<\/td>\n<td width=\"33%\">Hukuk ve Toplu S\u00f6zle\u015fme Sekreteri<\/td>\n<td width=\"16%\">0555 664 78 24<\/td>\n<td width=\"16%\">umutsinanoz@hotmail.com<\/td>\n<\/tr>\n<tr>\n<td>Ali Ulvi KARACA<\/td>\n<td width=\"33%\">E\u011ft. Bas\u0131n Yay\u0131n ve Halkla<\/td>\n<td width=\"16%\">05545813130<\/td>\n<td><\/td>\n<\/tr>\n<tr>\n<td>Feray MERT<\/td>\n<td>\u0130li\u015fkiler Sekreteri Kad\u0131n Sekreteri<\/td>\n<td>0533 469 73 87<\/td>\n<td>feraymert23@gmail.com<\/td>\n<\/tr>\n<\/tbody>\n<\/table>\n","protected":false},"excerpt":{"rendered":"<p>Bah\u00e7e Mah. 4602 Sok. Hamle Apt. Kat:3 No:13 Akdeniz \/ Mersin Telefon: 0 324 237 72 15 G\u00d6REV DA\u011eILIMI Mehmet BUDAK \u015eube Ba\u015fkan\u0131 \u00a00537 200 96 16 budak5813@hotmail.com Osman KAYGISIZ \u0130dari Sekreter \u00a005054432786 osmankaygisiz@hotmail.com Ahmet CAN\u0130KL\u0130 Mali Sekreter \u00a00536 942 80 29 ahmet.canikli_05@hotmail.com Harun YILDIZ \u00d6rg\u00fctlenme Sekreteri 0544 498 62 84 muzeharun@hotmail.com Umut Sinan \u00d6ZDEM\u0130R [&hellip;]<\/p>\n","protected":false},"author":1,"featured_media":0,"parent":0,"menu_order":0,"comment_status":"closed","ping_status":"closed","template":"","meta":[],"_links":{"self":[{"href":"https:\/\/kultursanatsen.org.tr\/portal\/wp-json\/wp\/v2\/pages\/12871"}],"collection":[{"href":"https:\/\/kultursanatsen.org.tr\/portal\/wp-json\/wp\/v2\/pages"}],"about":[{"href":"https:\/\/kultursanatsen.org.tr\/portal\/wp-json\/wp\/v2\/types\/page"}],"author":[{"embeddable":true,"href":"https:\/\/kultursanatsen.org.tr\/portal\/wp-json\/wp\/v2\/users\/1"}],"replies":[{"embeddable":true,"href":"https:\/\/kultursanatsen.org.tr\/portal\/wp-json\/wp\/v2\/comments?post=12871"}],"version-history":[{"count":7,"href":"https:\/\/kultursanatsen.org.tr\/portal\/wp-json\/wp\/v2\/pages\/12871\/revisions"}],"predecessor-version":[{"id":13150,"href":"https:\/\/kultursanatsen.org.tr\/portal\/wp-json\/wp\/v2\/pages\/12871\/revisions\/13150"}],"wp:attachment":[{"href":"https:\/\/kultursanatsen.org.tr\/portal\/wp-json\/wp\/v2\/media?parent=12871"}],"curies":[{"name":"wp","href":"https:\/\/api.w.org\/{rel}","templated":true}]}}