{"id":12862,"date":"2021-03-13T21:46:22","date_gmt":"2021-03-13T21:46:22","guid":{"rendered":"https:\/\/kultursanatsen.org.tr\/portal\/?page_id=12862"},"modified":"2026-02-02T10:32:44","modified_gmt":"2026-02-02T10:32:44","slug":"antalya-bolge-sube","status":"publish","type":"page","link":"https:\/\/kultursanatsen.org.tr\/portal\/antalya-bolge-sube\/","title":{"rendered":"ANTALYA B\u00d6LGE \u015eUBE"},"content":{"rendered":"<div>\n<table border=\"0\" width=\"719\" cellspacing=\"0\" cellpadding=\"0\">\n<tbody>\n<tr>\n<td width=\"719\" height=\"20\">ELMALI MAH. H\u00dcK\u00dcMET CAD. SOLMAZ \u0130\u015eHANI KAT: 4\u00a0 NO:18 MURATPA\u015eA \/ANTALYA<\/td>\n<\/tr>\n<\/tbody>\n<\/table>\n<\/div>\n<div><strong>Telefon<\/strong>\u00a0:<\/div>\n<div>0242 248 79 79<\/div>\n<h3>G\u00d6REV DA\u011eILIMI<\/h3>\n<table style=\"height: 279px;\" border=\"0\" width=\"1159\" cellpadding=\"0\">\n<tbody>\n<tr style=\"height: 38px;\">\n<td style=\"height: 38px; width: 164.812px;\">\u0130rfan KURU\u00dcZ\u00dcM<\/td>\n<td style=\"height: 38px; width: 351.5px;\">\u015eube Ba\u015fkan\u0131<\/td>\n<td style=\"height: 38px; width: 295.312px;\">\u00a00506 062 93 21<\/td>\n<td style=\"height: 38px; width: 371.375px;\"><\/td>\n<\/tr>\n<tr style=\"height: 38px;\">\n<td style=\"height: 38px; width: 164.812px;\">Evrim \u00d6ZGEN<\/td>\n<td style=\"height: 38px; width: 351.5px;\">\u0130dari Sekreter<\/td>\n<td style=\"height: 38px; width: 295.312px;\">0537\u00a0 886\u00a0 02 50<\/td>\n<td style=\"height: 38px; width: 371.375px;\"><\/td>\n<\/tr>\n<tr style=\"height: 52px;\">\n<td style=\"height: 52px; width: 164.812px;\">Hasan BALKAYA<\/td>\n<td style=\"height: 52px; width: 351.5px;\">Mali Sekreter<\/td>\n<td style=\"height: 52px; width: 295.312px;\">\u00a00544 765 60 51<\/td>\n<td style=\"height: 52px; width: 371.375px;\">\n<table border=\"0\" cellspacing=\"0\" cellpadding=\"0\">\n<tbody>\n<tr>\n<td class=\"xl72\" width=\"178\" height=\"21\"><\/td>\n<\/tr>\n<\/tbody>\n<\/table>\n<\/td>\n<\/tr>\n<tr style=\"height: 45px;\">\n<td style=\"height: 45px; width: 164.812px;\">Taner ADAR<\/td>\n<td style=\"height: 45px; width: 351.5px;\">\u00d6rg\u00fctlenme Sekreteri<\/td>\n<td style=\"height: 45px; width: 295.312px;\">\u00a00507 342 18 07<\/td>\n<td style=\"height: 45px; width: 371.375px;\"><span id=\"cloak64325\"><a href=\"mailto:firuzbulentozden@hotmail.com\">\u00a0<\/a><\/span><\/p>\n<table border=\"0\" cellspacing=\"0\" cellpadding=\"0\">\n<tbody>\n<tr>\n<td class=\"xl72\" width=\"178\" height=\"21\"><\/td>\n<\/tr>\n<\/tbody>\n<\/table>\n<\/td>\n<\/tr>\n<tr style=\"height: 38px;\">\n<td style=\"height: 38px; width: 164.812px;\">Arif \u00c7\u00d6KELEK<\/td>\n<td style=\"height: 38px; width: 351.5px;\">E\u011ft. Bas.Yay. ve Halkla \u0130l\u015f. Sekreteri<\/td>\n<td style=\"height: 38px; width: 295.312px;\">\u00a00505 735 94 51<\/td>\n<td style=\"height: 38px; width: 371.375px;\"><\/td>\n<\/tr>\n<tr style=\"height: 52px;\">\n<td style=\"height: 52px; width: 164.812px;\">Atalay BA\u011eCI<\/td>\n<td style=\"height: 52px; width: 351.5px;\">Hukuk ve Toplu S\u00f6zle\u015fme Sekreteri<\/td>\n<td style=\"height: 52px; width: 295.312px;\">\u00a00555 499 08 93<\/td>\n<td style=\"height: 52px; width: 371.375px;\">\n<table border=\"0\" cellspacing=\"0\" cellpadding=\"0\">\n<tbody>\n<tr>\n<td class=\"xl72\" width=\"178\" height=\"21\"><\/td>\n<\/tr>\n<\/tbody>\n<\/table>\n<\/td>\n<\/tr>\n<tr style=\"height: 38px;\">\n<td style=\"height: 38px; width: 164.812px;\">Engin SUNA<\/td>\n<td style=\"height: 38px; width: 351.5px;\">Kad\u0131n Sekreteri<\/td>\n<td style=\"height: 38px; width: 295.312px;\">\u00a00537 957 45 32<\/td>\n<td style=\"height: 38px; width: 371.375px;\"><\/td>\n<\/tr>\n<\/tbody>\n<\/table>\n<h3><\/h3>\n<h3>ANTALYA \u015eUBES\u0130NE BA\u011eLI BULUNAN \u0130LLER<\/h3>\n<p>&nbsp;<\/p>\n<table style=\"height: 66px;\" border=\"0\" width=\"831\" cellpadding=\"0\">\n<tbody>\n<tr>\n<td>AFYON<\/td>\n<td>AKSARAY<\/td>\n<td>ANTALYA<\/td>\n<td>BURDUR<\/td>\n<td>DEN\u0130ZL\u0130<\/td>\n<td>ISPARTA<\/td>\n<\/tr>\n<tr>\n<td>KARAMAN<\/td>\n<td>KAYSER\u0130<\/td>\n<td>KONYA<\/td>\n<td>NEV\u015eEH\u0130R<\/td>\n<td>N\u0130\u011eDE<\/td>\n<\/tr>\n<\/tbody>\n<\/table>\n","protected":false},"excerpt":{"rendered":"<p>ELMALI MAH. H\u00dcK\u00dcMET CAD. SOLMAZ \u0130\u015eHANI KAT: 4\u00a0 NO:18 MURATPA\u015eA \/ANTALYA Telefon\u00a0: 0242 248 79 79 G\u00d6REV DA\u011eILIMI \u0130rfan KURU\u00dcZ\u00dcM \u015eube Ba\u015fkan\u0131 \u00a00506 062 93 21 Evrim \u00d6ZGEN \u0130dari Sekreter 0537\u00a0 886\u00a0 02 50 Hasan BALKAYA Mali Sekreter \u00a00544 765 60 51 Taner ADAR \u00d6rg\u00fctlenme Sekreteri \u00a00507 342 18 07 \u00a0 Arif \u00c7\u00d6KELEK E\u011ft. Bas.Yay. [&hellip;]<\/p>\n","protected":false},"author":1,"featured_media":0,"parent":0,"menu_order":0,"comment_status":"closed","ping_status":"closed","template":"","meta":[],"_links":{"self":[{"href":"https:\/\/kultursanatsen.org.tr\/portal\/wp-json\/wp\/v2\/pages\/12862"}],"collection":[{"href":"https:\/\/kultursanatsen.org.tr\/portal\/wp-json\/wp\/v2\/pages"}],"about":[{"href":"https:\/\/kultursanatsen.org.tr\/portal\/wp-json\/wp\/v2\/types\/page"}],"author":[{"embeddable":true,"href":"https:\/\/kultursanatsen.org.tr\/portal\/wp-json\/wp\/v2\/users\/1"}],"replies":[{"embeddable":true,"href":"https:\/\/kultursanatsen.org.tr\/portal\/wp-json\/wp\/v2\/comments?post=12862"}],"version-history":[{"count":7,"href":"https:\/\/kultursanatsen.org.tr\/portal\/wp-json\/wp\/v2\/pages\/12862\/revisions"}],"predecessor-version":[{"id":13229,"href":"https:\/\/kultursanatsen.org.tr\/portal\/wp-json\/wp\/v2\/pages\/12862\/revisions\/13229"}],"wp:attachment":[{"href":"https:\/\/kultursanatsen.org.tr\/portal\/wp-json\/wp\/v2\/media?parent=12862"}],"curies":[{"name":"wp","href":"https:\/\/api.w.org\/{rel}","templated":true}]}}